{"id":216,"date":"2020-02-01T08:23:44","date_gmt":"2020-02-01T07:23:44","guid":{"rendered":"http:\/\/altripassi.org\/wp\/?page_id=216"},"modified":"2020-02-03T06:55:30","modified_gmt":"2020-02-03T05:55:30","slug":"birdwatching","status":"publish","type":"page","link":"https:\/\/altripassi.org\/wp\/birdwatching\/","title":{"rendered":"Birdwatching"},"content":{"rendered":"\n<p>La parola&nbsp;<strong>Birdwatching&nbsp;<\/strong>letteralmente significa osservazione degli uccelli. E&#8217; una pratica consueta in molti Paesi del Mondo, in Italia, il numero di appassionati al birdwatching aumenta di anno in anno. Esistono anche vari siti in cui i birdwatchers comunicano tra loro scambiandosi osservazioni e informazioni sulle specie di uccelli avvistate. Un sito in particolare, che si chiama EBN, viene indicato dagli esperti come il sito ufficiale per i birdwatchers d&#8217;Italia. Le osservazioni pi\u00f9 importanti vengono registrate sulla piattaforma digitale&nbsp;<a href=\"http:\/\/ornitho.it\/\" target=\"_blank\" rel=\"noreferrer noopener\"><em>Ornitho.it<br><\/em><\/a><\/p>\n\n\n\n<figure class=\"wp-block-image\"><img decoding=\"async\" src=\"http:\/\/altripassi.org\/sites\/default\/files\/images\/ornitho.jpg\" alt=\"ornitho.it\"\/><\/figure>\n\n\n\n<p><em><strong>Perch\u00e9 \u00e9 importante osservare gli uccelli?<\/strong><\/em><br>Innanzitutto \u00e8 un&#8217;attivit\u00e0 piacevole, si visitano posti incantevoli, si impara ad osservare e anche ad ascoltare il canto che molte specie di uccelli altrimenti difficilmente contattabili, emettono nella stagione riproduttiva, in primavera, come segnale territoriale, in ambienti chiusi come i boschi o gli arbusteti.<br>Per praticare il birdwatching servono un binocolo, fondamentale, un manuale tascabile sugli uccelli, un taccuino su cui registrare la check-list della giornata, cio\u00e8 l&#8217;elenco delle specie di uccelli avvistate o udite.<br>E&#8217; molto importante monitorare nel corso degli anni varie aree importanti quali i&nbsp;<strong>SIC<\/strong>&nbsp;(<strong><em>Siti di Importanza Comunitaria<\/em><\/strong>), poich\u00e9 molte specie di uccelli sono degli ottimi bioindicatori ambientali, cio\u00e8 la loro presenza in un&#8217;area ci indica la buona qualit\u00e0 ambientale dell&#8217;area stessa. Il monitoraggio annuale ci aiuta a capire l&#8217;andamento delle specie pi\u00f9 sensibili a fenomenti di inquinamento o di disturbo antropico, cio\u00e8 di quelle specie che sono considerate i migliori bioindicatori ambientali. L&#8217;aumento della consistenza di queste specie ci conferma il buono stato di salute di un territorio, al contrario la loro diminuzione, che si sta verificando nella nostra provincia ad esempio per specie note a tutti e una volta comunissime come il passero e la rondine, ci devono allarmare, perch\u00e9 testimoniano un degrado progressivo dell&#8217;ambiente, nel quale viviamo noi stessi (sia i passeri che le rondini infatti sono specie antropofile, cio\u00e8 cercano la vicinanza dell&#8217;uomo per la nidifazione).<\/p>\n\n\n\n<p>Il birdwatching quindi oltre ad essere un&#8217;attivit\u00e0 piacevole praticabile da tutti ( basta un p\u00f2 di esperienza, che di uscita in uscita aumenta sempre pi\u00f9) \u00e8 un&#8217;attivit\u00e0 utile per il monitoraggio del nostro territorio, a costo zero. Sapere quali sono le specie di uccelli pi\u00f9 comuni nell&#8217;area o nel comune nel quale viviamo aumenta la nostra cultura e la consapevolezza che facciamo parte di un&#8217;ecosistema ben pi\u00f9 complesso di quello che crediamo noi, e che ci vede non al centro di questo ecosistema, ma semplicemente come partecipanti e conviventi della grande rete di biodiversit\u00e0 naturale dell&#8217;ecosistema stesso, fatto da tutte le specie animali, vegetali e fungine che lo compongono.<br>E tutte con la medesima importanza.<\/p>\n\n\n\n<p><em>Per contatti e informazioni:<\/em><br><a href=\"\/wp\/luca-artoni\"><strong>Luca Matteo Artoni<\/strong><\/a><\/p>\n\n\n<p><\/p>\n<h3>Richiesta Informazioni<\/h3>\n<p><\/p>\n<div class=\"wpforms-container wpforms-container-full\" id=\"wpforms-299\"><form id=\"wpforms-form-299\" class=\"wpforms-validate wpforms-form\" data-formid=\"299\" method=\"post\" enctype=\"multipart\/form-data\" action=\"\/wp\/wp-json\/wp\/v2\/pages\/216\" data-token=\"201adb7277ab4e3df79c78e2e80fc1bf\" data-token-time=\"1777552150\"><noscript class=\"wpforms-error-noscript\">Abilita JavaScript nel browser per completare questo modulo.<\/noscript><div class=\"wpforms-field-container\"><div id=\"wpforms-299-field_0-container\" class=\"wpforms-field wpforms-field-name\" data-field-id=\"0\"><label class=\"wpforms-field-label\">Nome <span class=\"wpforms-required-label\">*<\/span><\/label><div class=\"wpforms-field-row wpforms-field-medium\"><div class=\"wpforms-field-row-block wpforms-first wpforms-one-half\"><input type=\"text\" id=\"wpforms-299-field_0\" class=\"wpforms-field-name-first wpforms-field-required\" name=\"wpforms[fields][0][first]\" required><label for=\"wpforms-299-field_0\" class=\"wpforms-field-sublabel after\">Nome<\/label><\/div><div class=\"wpforms-field-row-block wpforms-one-half\"><input type=\"text\" id=\"wpforms-299-field_0-last\" class=\"wpforms-field-name-last wpforms-field-required\" name=\"wpforms[fields][0][last]\" required><label for=\"wpforms-299-field_0-last\" class=\"wpforms-field-sublabel after\">Cognome<\/label><\/div><\/div><\/div><div id=\"wpforms-299-field_3-container\" class=\"wpforms-field wpforms-field-number\" data-field-id=\"3\"><label class=\"wpforms-field-label\" for=\"wpforms-299-field_3\">Contatto telefonico <span class=\"wpforms-required-label\">*<\/span><\/label><input type=\"number\" id=\"wpforms-299-field_3\" class=\"wpforms-field-medium wpforms-field-required\" name=\"wpforms[fields][3]\" step=\"any\" required><\/div><div id=\"wpforms-299-field_1-container\" class=\"wpforms-field wpforms-field-email\" data-field-id=\"1\"><label class=\"wpforms-field-label\" for=\"wpforms-299-field_1\">Email <span class=\"wpforms-required-label\">*<\/span><\/label><input type=\"email\" id=\"wpforms-299-field_1\" class=\"wpforms-field-medium wpforms-field-required\" name=\"wpforms[fields][1]\" spellcheck=\"false\" required><\/div><div id=\"wpforms-299-field_2-container\" class=\"wpforms-field wpforms-field-textarea\" data-field-id=\"2\"><label class=\"wpforms-field-label\" for=\"wpforms-299-field_2\">Richiesta informazioni <span class=\"wpforms-required-label\">*<\/span><\/label><textarea id=\"wpforms-299-field_2\" class=\"wpforms-field-medium wpforms-field-required\" name=\"wpforms[fields][2]\" required><\/textarea><\/div><\/div><!-- .wpforms-field-container --><div class=\"wpforms-field wpforms-field-hp\"><label for=\"wpforms-299-field-hp\" class=\"wpforms-field-label\">Name<\/label><input type=\"text\" name=\"wpforms[hp]\" id=\"wpforms-299-field-hp\" class=\"wpforms-field-medium\"><\/div><div class=\"wpforms-submit-container\" ><input type=\"hidden\" name=\"wpforms[id]\" value=\"299\"><input type=\"hidden\" name=\"page_title\" value=\"\"><input type=\"hidden\" name=\"page_url\" value=\"https:\/\/altripassi.org\/wp\/wp-json\/wp\/v2\/pages\/216\"><input type=\"hidden\" name=\"url_referer\" value=\"\"><button type=\"submit\" name=\"wpforms[submit]\" id=\"wpforms-submit-299\" class=\"wpforms-submit\" data-alt-text=\"Invio in corso...\" data-submit-text=\"Invia\" aria-live=\"assertive\" value=\"wpforms-submit\">Invia<\/button><\/div><\/form><\/div>  <!-- .wpforms-container -->","protected":false},"excerpt":{"rendered":"<p>La parola&nbsp;Birdwatching&nbsp;letteralmente significa osservazione degli uccelli. E&#8217; una pratica consueta in molti Paesi del Mondo, in Italia, il numero di appassionati al birdwatching aumenta di anno in anno. Esistono anche vari siti in cui i birdwatchers comunicano tra loro scambiandosi osservazioni e informazioni sulle specie di uccelli avvistate. Un sito in particolare, che si chiama [&hellip;]<\/p>\n","protected":false},"author":1,"featured_media":224,"parent":0,"menu_order":0,"comment_status":"closed","ping_status":"closed","template":"","meta":{"footnotes":""},"class_list":["post-216","page","type-page","status-publish","has-post-thumbnail","hentry"],"_links":{"self":[{"href":"https:\/\/altripassi.org\/wp\/wp-json\/wp\/v2\/pages\/216","targetHints":{"allow":["GET"]}}],"collection":[{"href":"https:\/\/altripassi.org\/wp\/wp-json\/wp\/v2\/pages"}],"about":[{"href":"https:\/\/altripassi.org\/wp\/wp-json\/wp\/v2\/types\/page"}],"author":[{"embeddable":true,"href":"https:\/\/altripassi.org\/wp\/wp-json\/wp\/v2\/users\/1"}],"replies":[{"embeddable":true,"href":"https:\/\/altripassi.org\/wp\/wp-json\/wp\/v2\/comments?post=216"}],"version-history":[{"count":4,"href":"https:\/\/altripassi.org\/wp\/wp-json\/wp\/v2\/pages\/216\/revisions"}],"predecessor-version":[{"id":305,"href":"https:\/\/altripassi.org\/wp\/wp-json\/wp\/v2\/pages\/216\/revisions\/305"}],"wp:featuredmedia":[{"embeddable":true,"href":"https:\/\/altripassi.org\/wp\/wp-json\/wp\/v2\/media\/224"}],"wp:attachment":[{"href":"https:\/\/altripassi.org\/wp\/wp-json\/wp\/v2\/media?parent=216"}],"curies":[{"name":"wp","href":"https:\/\/api.w.org\/{rel}","templated":true}]}}