{"id":201,"date":"2020-01-31T21:54:18","date_gmt":"2020-01-31T20:54:18","guid":{"rendered":"http:\/\/altripassi.org\/wp\/?page_id=201"},"modified":"2020-02-03T06:57:07","modified_gmt":"2020-02-03T05:57:07","slug":"giochi-didattici-in-natura","status":"publish","type":"page","link":"https:\/\/altripassi.org\/wp\/giochi-didattici-in-natura\/","title":{"rendered":"Giochi Didattici in natura"},"content":{"rendered":"<p>Pensati per bambini e ragazzi fino a 12 anni, sono uno strumento per avvicinarsi alla natura con la modalit\u00e0 che pi\u00f9 appartiene a questa fascia d&#8217;et\u00e0: il gioco!<\/p>\n<p>Caccia al tesoro, gioco della sopravvivenza, adesso guidatemi voi! sono momenti nei quali gli obiettivi da raggiungere di volta in volta per portare a termine il gioco, danno la possibilit\u00e0 ai bambini esplorare la natura autonomamente e con una grande libert\u00e0 di movimento. Tutto avviene sempre nella massima sicurezza, ma lasciando che siano i giocatori a tracciare i percorsi e raccogliere reperti, in modo che l&#8217;esperienza ludica sia anche momento di sviluppo per la propria autonomia.<\/p>\n<p>Altri, come il gioco dell&#8217;ecosistema e dammela a bere, guidano alla scoperta di nozioni naturalistiche attraverso i propri sensi e il gioco di ruolo.<\/p>\n<h3>Richiesta Informazioni<\/h3>\n<div class=\"wpforms-container wpforms-container-full\" id=\"wpforms-299\"><form id=\"wpforms-form-299\" class=\"wpforms-validate wpforms-form\" data-formid=\"299\" method=\"post\" enctype=\"multipart\/form-data\" action=\"\/wp\/wp-json\/wp\/v2\/pages\/201\" data-token=\"201adb7277ab4e3df79c78e2e80fc1bf\" data-token-time=\"1777551563\"><noscript class=\"wpforms-error-noscript\">Abilita JavaScript nel browser per completare questo modulo.<\/noscript><div class=\"wpforms-field-container\"><div id=\"wpforms-299-field_0-container\" class=\"wpforms-field wpforms-field-name\" data-field-id=\"0\"><label class=\"wpforms-field-label\">Nome <span class=\"wpforms-required-label\">*<\/span><\/label><div class=\"wpforms-field-row wpforms-field-medium\"><div class=\"wpforms-field-row-block wpforms-first wpforms-one-half\"><input type=\"text\" id=\"wpforms-299-field_0\" class=\"wpforms-field-name-first wpforms-field-required\" name=\"wpforms[fields][0][first]\" required><label for=\"wpforms-299-field_0\" class=\"wpforms-field-sublabel after\">Nome<\/label><\/div><div class=\"wpforms-field-row-block wpforms-one-half\"><input type=\"text\" id=\"wpforms-299-field_0-last\" class=\"wpforms-field-name-last wpforms-field-required\" name=\"wpforms[fields][0][last]\" required><label for=\"wpforms-299-field_0-last\" class=\"wpforms-field-sublabel after\">Cognome<\/label><\/div><\/div><\/div><div id=\"wpforms-299-field_3-container\" class=\"wpforms-field wpforms-field-number\" data-field-id=\"3\"><label class=\"wpforms-field-label\" for=\"wpforms-299-field_3\">Contatto telefonico <span class=\"wpforms-required-label\">*<\/span><\/label><input type=\"number\" id=\"wpforms-299-field_3\" class=\"wpforms-field-medium wpforms-field-required\" name=\"wpforms[fields][3]\" step=\"any\" required><\/div><div id=\"wpforms-299-field_1-container\" class=\"wpforms-field wpforms-field-email\" data-field-id=\"1\"><label class=\"wpforms-field-label\" for=\"wpforms-299-field_1\">Email <span class=\"wpforms-required-label\">*<\/span><\/label><input type=\"email\" id=\"wpforms-299-field_1\" class=\"wpforms-field-medium wpforms-field-required\" name=\"wpforms[fields][1]\" spellcheck=\"false\" required><\/div><div id=\"wpforms-299-field_2-container\" class=\"wpforms-field wpforms-field-textarea\" data-field-id=\"2\"><label class=\"wpforms-field-label\" for=\"wpforms-299-field_2\">Richiesta informazioni <span class=\"wpforms-required-label\">*<\/span><\/label><textarea id=\"wpforms-299-field_2\" class=\"wpforms-field-medium wpforms-field-required\" name=\"wpforms[fields][2]\" required><\/textarea><\/div><\/div><!-- .wpforms-field-container --><div class=\"wpforms-field wpforms-field-hp\"><label for=\"wpforms-299-field-hp\" class=\"wpforms-field-label\">Name<\/label><input type=\"text\" name=\"wpforms[hp]\" id=\"wpforms-299-field-hp\" class=\"wpforms-field-medium\"><\/div><div class=\"wpforms-submit-container\" ><input type=\"hidden\" name=\"wpforms[id]\" value=\"299\"><input type=\"hidden\" name=\"page_title\" value=\"\"><input type=\"hidden\" name=\"page_url\" value=\"https:\/\/altripassi.org\/wp\/wp-json\/wp\/v2\/pages\/201\"><input type=\"hidden\" name=\"url_referer\" value=\"\"><button type=\"submit\" name=\"wpforms[submit]\" id=\"wpforms-submit-299\" class=\"wpforms-submit\" data-alt-text=\"Invio in corso...\" data-submit-text=\"Invia\" aria-live=\"assertive\" value=\"wpforms-submit\">Invia<\/button><\/div><\/form><\/div>  <!-- .wpforms-container -->\n","protected":false},"excerpt":{"rendered":"<p>Pensati per bambini e ragazzi fino a 12 anni, sono uno strumento per avvicinarsi alla natura con la modalit\u00e0 che pi\u00f9 appartiene a questa fascia d&#8217;et\u00e0: il gioco! Caccia al tesoro, gioco della sopravvivenza, adesso guidatemi voi! sono momenti nei quali gli obiettivi da raggiungere di volta in volta per portare a termine il gioco, [&hellip;]<\/p>\n","protected":false},"author":1,"featured_media":202,"parent":0,"menu_order":0,"comment_status":"closed","ping_status":"closed","template":"","meta":{"footnotes":""},"class_list":["post-201","page","type-page","status-publish","has-post-thumbnail","hentry"],"_links":{"self":[{"href":"https:\/\/altripassi.org\/wp\/wp-json\/wp\/v2\/pages\/201","targetHints":{"allow":["GET"]}}],"collection":[{"href":"https:\/\/altripassi.org\/wp\/wp-json\/wp\/v2\/pages"}],"about":[{"href":"https:\/\/altripassi.org\/wp\/wp-json\/wp\/v2\/types\/page"}],"author":[{"embeddable":true,"href":"https:\/\/altripassi.org\/wp\/wp-json\/wp\/v2\/users\/1"}],"replies":[{"embeddable":true,"href":"https:\/\/altripassi.org\/wp\/wp-json\/wp\/v2\/comments?post=201"}],"version-history":[{"count":2,"href":"https:\/\/altripassi.org\/wp\/wp-json\/wp\/v2\/pages\/201\/revisions"}],"predecessor-version":[{"id":309,"href":"https:\/\/altripassi.org\/wp\/wp-json\/wp\/v2\/pages\/201\/revisions\/309"}],"wp:featuredmedia":[{"embeddable":true,"href":"https:\/\/altripassi.org\/wp\/wp-json\/wp\/v2\/media\/202"}],"wp:attachment":[{"href":"https:\/\/altripassi.org\/wp\/wp-json\/wp\/v2\/media?parent=201"}],"curies":[{"name":"wp","href":"https:\/\/api.w.org\/{rel}","templated":true}]}}